{"id":2002,"date":"2023-04-11T15:01:35","date_gmt":"2023-04-11T13:01:35","guid":{"rendered":"https:\/\/www.uesc-waldmichelbach.de\/uesc\/?page_id=2002"},"modified":"2025-03-22T11:53:54","modified_gmt":"2025-03-22T09:53:54","slug":"einladung-zur-jahreshauptversammlung-2024","status":"publish","type":"page","link":"https:\/\/www.uesc-waldmichelbach.de\/uesc\/einladung-zur-jahreshauptversammlung-2024\/","title":{"rendered":"Einladung zur Jahreshauptversammlung 2025"},"content":{"rendered":"<p class=\"wp-block-pdfemb-pdf-embedder-viewer\"><a href=\"https:\/\/www.uesc-waldmichelbach.de\/uesc\/wp-content\/uploads\/2025\/03\/Einladung_JHV_2025.pdf\" class=\"pdfemb-viewer\" style=\"\" data-width=\"max\" data-height=\"max\" data-toolbar=\"bottom\" data-toolbar-fixed=\"off\">Einladung_JHV_2025<\/a><\/p>\r\n<!-- \/wp:post-content -->","protected":false},"excerpt":{"rendered":"","protected":false},"author":14,"featured_media":0,"parent":0,"menu_order":0,"comment_status":"closed","ping_status":"closed","template":"","meta":{"footnotes":""},"class_list":["post-2002","page","type-page","status-publish","hentry"],"yoast_head":"<!-- This site is optimized with the Yoast SEO plugin v27.4 - https:\/\/yoast.com\/product\/yoast-seo-wordpress\/ -->\n<title>Einladung zur Jahreshauptversammlung 2025 - \u00dcberw\u00e4lder Schulsportclub<\/title>\n<meta name=\"robots\" content=\"index, follow, max-snippet:-1, max-image-preview:large, max-video-preview:-1\" \/>\n<link rel=\"canonical\" href=\"https:\/\/www.uesc-waldmichelbach.de\/uesc\/einladung-zur-jahreshauptversammlung-2024\/\" \/>\n<meta property=\"og:locale\" content=\"de_DE\" \/>\n<meta property=\"og:type\" content=\"article\" \/>\n<meta property=\"og:title\" content=\"Einladung zur Jahreshauptversammlung 2025 - \u00dcberw\u00e4lder Schulsportclub\" \/>\n<meta property=\"og:url\" content=\"https:\/\/www.uesc-waldmichelbach.de\/uesc\/einladung-zur-jahreshauptversammlung-2024\/\" \/>\n<meta property=\"og:site_name\" content=\"\u00dcberw\u00e4lder Schulsportclub\" \/>\n<meta property=\"article:publisher\" content=\"https:\/\/www.facebook.com\/UESC.WaldMichelbach\" \/>\n<meta property=\"article:modified_time\" content=\"2025-03-22T09:53:54+00:00\" \/>\n<meta name=\"twitter:card\" content=\"summary_large_image\" \/>\n<script type=\"application\/ld+json\" class=\"yoast-schema-graph\">{\"@context\":\"https:\\\/\\\/schema.org\",\"@graph\":[{\"@type\":\"WebPage\",\"@id\":\"https:\\\/\\\/www.uesc-waldmichelbach.de\\\/uesc\\\/einladung-zur-jahreshauptversammlung-2024\\\/\",\"url\":\"https:\\\/\\\/www.uesc-waldmichelbach.de\\\/uesc\\\/einladung-zur-jahreshauptversammlung-2024\\\/\",\"name\":\"Einladung zur Jahreshauptversammlung 2025 - \u00dcberw\u00e4lder Schulsportclub\",\"isPartOf\":{\"@id\":\"https:\\\/\\\/www.uesc-waldmichelbach.de\\\/uesc\\\/#website\"},\"datePublished\":\"2023-04-11T13:01:35+00:00\",\"dateModified\":\"2025-03-22T09:53:54+00:00\",\"breadcrumb\":{\"@id\":\"https:\\\/\\\/www.uesc-waldmichelbach.de\\\/uesc\\\/einladung-zur-jahreshauptversammlung-2024\\\/#breadcrumb\"},\"inLanguage\":\"de\",\"potentialAction\":[{\"@type\":\"ReadAction\",\"target\":[\"https:\\\/\\\/www.uesc-waldmichelbach.de\\\/uesc\\\/einladung-zur-jahreshauptversammlung-2024\\\/\"]}]},{\"@type\":\"BreadcrumbList\",\"@id\":\"https:\\\/\\\/www.uesc-waldmichelbach.de\\\/uesc\\\/einladung-zur-jahreshauptversammlung-2024\\\/#breadcrumb\",\"itemListElement\":[{\"@type\":\"ListItem\",\"position\":1,\"name\":\"Startseite\",\"item\":\"https:\\\/\\\/www.uesc-waldmichelbach.de\\\/uesc\\\/\"},{\"@type\":\"ListItem\",\"position\":2,\"name\":\"Einladung zur Jahreshauptversammlung 2025\"}]},{\"@type\":\"WebSite\",\"@id\":\"https:\\\/\\\/www.uesc-waldmichelbach.de\\\/uesc\\\/#website\",\"url\":\"https:\\\/\\\/www.uesc-waldmichelbach.de\\\/uesc\\\/\",\"name\":\"\u00dcberw\u00e4lder Schulsportclub\",\"description\":\"\u00dcberw\u00e4lder Sportverein\",\"publisher\":{\"@id\":\"https:\\\/\\\/www.uesc-waldmichelbach.de\\\/uesc\\\/#organization\"},\"potentialAction\":[{\"@type\":\"SearchAction\",\"target\":{\"@type\":\"EntryPoint\",\"urlTemplate\":\"https:\\\/\\\/www.uesc-waldmichelbach.de\\\/uesc\\\/?s={search_term_string}\"},\"query-input\":{\"@type\":\"PropertyValueSpecification\",\"valueRequired\":true,\"valueName\":\"search_term_string\"}}],\"inLanguage\":\"de\"},{\"@type\":\"Organization\",\"@id\":\"https:\\\/\\\/www.uesc-waldmichelbach.de\\\/uesc\\\/#organization\",\"name\":\"\u00dcberw\u00e4lder Schulsportclub\",\"url\":\"https:\\\/\\\/www.uesc-waldmichelbach.de\\\/uesc\\\/\",\"logo\":{\"@type\":\"ImageObject\",\"inLanguage\":\"de\",\"@id\":\"https:\\\/\\\/www.uesc-waldmichelbach.de\\\/uesc\\\/#\\\/schema\\\/logo\\\/image\\\/\",\"url\":\"https:\\\/\\\/www.uesc-waldmichelbach.de\\\/uesc\\\/wp-content\\\/uploads\\\/2022\\\/10\\\/cropped-UeSC-Logo-Varianten.png\",\"contentUrl\":\"https:\\\/\\\/www.uesc-waldmichelbach.de\\\/uesc\\\/wp-content\\\/uploads\\\/2022\\\/10\\\/cropped-UeSC-Logo-Varianten.png\",\"width\":240,\"height\":258,\"caption\":\"\u00dcberw\u00e4lder Schulsportclub\"},\"image\":{\"@id\":\"https:\\\/\\\/www.uesc-waldmichelbach.de\\\/uesc\\\/#\\\/schema\\\/logo\\\/image\\\/\"},\"sameAs\":[\"https:\\\/\\\/www.facebook.com\\\/UESC.WaldMichelbach\",\"https:\\\/\\\/www.instagram.com\\\/uesc.wamiba\\\/\"]}]}<\/script>\n<!-- \/ Yoast SEO plugin. -->","yoast_head_json":{"title":"Einladung zur Jahreshauptversammlung 2025 - \u00dcberw\u00e4lder Schulsportclub","robots":{"index":"index","follow":"follow","max-snippet":"max-snippet:-1","max-image-preview":"max-image-preview:large","max-video-preview":"max-video-preview:-1"},"canonical":"https:\/\/www.uesc-waldmichelbach.de\/uesc\/einladung-zur-jahreshauptversammlung-2024\/","og_locale":"de_DE","og_type":"article","og_title":"Einladung zur Jahreshauptversammlung 2025 - \u00dcberw\u00e4lder Schulsportclub","og_url":"https:\/\/www.uesc-waldmichelbach.de\/uesc\/einladung-zur-jahreshauptversammlung-2024\/","og_site_name":"\u00dcberw\u00e4lder Schulsportclub","article_publisher":"https:\/\/www.facebook.com\/UESC.WaldMichelbach","article_modified_time":"2025-03-22T09:53:54+00:00","twitter_card":"summary_large_image","schema":{"@context":"https:\/\/schema.org","@graph":[{"@type":"WebPage","@id":"https:\/\/www.uesc-waldmichelbach.de\/uesc\/einladung-zur-jahreshauptversammlung-2024\/","url":"https:\/\/www.uesc-waldmichelbach.de\/uesc\/einladung-zur-jahreshauptversammlung-2024\/","name":"Einladung zur Jahreshauptversammlung 2025 - \u00dcberw\u00e4lder Schulsportclub","isPartOf":{"@id":"https:\/\/www.uesc-waldmichelbach.de\/uesc\/#website"},"datePublished":"2023-04-11T13:01:35+00:00","dateModified":"2025-03-22T09:53:54+00:00","breadcrumb":{"@id":"https:\/\/www.uesc-waldmichelbach.de\/uesc\/einladung-zur-jahreshauptversammlung-2024\/#breadcrumb"},"inLanguage":"de","potentialAction":[{"@type":"ReadAction","target":["https:\/\/www.uesc-waldmichelbach.de\/uesc\/einladung-zur-jahreshauptversammlung-2024\/"]}]},{"@type":"BreadcrumbList","@id":"https:\/\/www.uesc-waldmichelbach.de\/uesc\/einladung-zur-jahreshauptversammlung-2024\/#breadcrumb","itemListElement":[{"@type":"ListItem","position":1,"name":"Startseite","item":"https:\/\/www.uesc-waldmichelbach.de\/uesc\/"},{"@type":"ListItem","position":2,"name":"Einladung zur Jahreshauptversammlung 2025"}]},{"@type":"WebSite","@id":"https:\/\/www.uesc-waldmichelbach.de\/uesc\/#website","url":"https:\/\/www.uesc-waldmichelbach.de\/uesc\/","name":"\u00dcberw\u00e4lder Schulsportclub","description":"\u00dcberw\u00e4lder Sportverein","publisher":{"@id":"https:\/\/www.uesc-waldmichelbach.de\/uesc\/#organization"},"potentialAction":[{"@type":"SearchAction","target":{"@type":"EntryPoint","urlTemplate":"https:\/\/www.uesc-waldmichelbach.de\/uesc\/?s={search_term_string}"},"query-input":{"@type":"PropertyValueSpecification","valueRequired":true,"valueName":"search_term_string"}}],"inLanguage":"de"},{"@type":"Organization","@id":"https:\/\/www.uesc-waldmichelbach.de\/uesc\/#organization","name":"\u00dcberw\u00e4lder Schulsportclub","url":"https:\/\/www.uesc-waldmichelbach.de\/uesc\/","logo":{"@type":"ImageObject","inLanguage":"de","@id":"https:\/\/www.uesc-waldmichelbach.de\/uesc\/#\/schema\/logo\/image\/","url":"https:\/\/www.uesc-waldmichelbach.de\/uesc\/wp-content\/uploads\/2022\/10\/cropped-UeSC-Logo-Varianten.png","contentUrl":"https:\/\/www.uesc-waldmichelbach.de\/uesc\/wp-content\/uploads\/2022\/10\/cropped-UeSC-Logo-Varianten.png","width":240,"height":258,"caption":"\u00dcberw\u00e4lder Schulsportclub"},"image":{"@id":"https:\/\/www.uesc-waldmichelbach.de\/uesc\/#\/schema\/logo\/image\/"},"sameAs":["https:\/\/www.facebook.com\/UESC.WaldMichelbach","https:\/\/www.instagram.com\/uesc.wamiba\/"]}]}},"_links":{"self":[{"href":"https:\/\/www.uesc-waldmichelbach.de\/uesc\/wp-json\/wp\/v2\/pages\/2002","targetHints":{"allow":["GET"]}}],"collection":[{"href":"https:\/\/www.uesc-waldmichelbach.de\/uesc\/wp-json\/wp\/v2\/pages"}],"about":[{"href":"https:\/\/www.uesc-waldmichelbach.de\/uesc\/wp-json\/wp\/v2\/types\/page"}],"author":[{"embeddable":true,"href":"https:\/\/www.uesc-waldmichelbach.de\/uesc\/wp-json\/wp\/v2\/users\/14"}],"replies":[{"embeddable":true,"href":"https:\/\/www.uesc-waldmichelbach.de\/uesc\/wp-json\/wp\/v2\/comments?post=2002"}],"version-history":[{"count":6,"href":"https:\/\/www.uesc-waldmichelbach.de\/uesc\/wp-json\/wp\/v2\/pages\/2002\/revisions"}],"predecessor-version":[{"id":2449,"href":"https:\/\/www.uesc-waldmichelbach.de\/uesc\/wp-json\/wp\/v2\/pages\/2002\/revisions\/2449"}],"wp:attachment":[{"href":"https:\/\/www.uesc-waldmichelbach.de\/uesc\/wp-json\/wp\/v2\/media?parent=2002"}],"curies":[{"name":"wp","href":"https:\/\/api.w.org\/{rel}","templated":true}]}}