{"id":1850,"date":"2023-02-07T15:10:35","date_gmt":"2023-02-07T13:10:35","guid":{"rendered":"https:\/\/www.uesc-waldmichelbach.de\/uesc\/?page_id=1850"},"modified":"2023-07-18T18:23:26","modified_gmt":"2023-07-18T16:23:26","slug":"sponsoren","status":"publish","type":"page","link":"https:\/\/www.uesc-waldmichelbach.de\/uesc\/sponsoren\/","title":{"rendered":"Unsere Sponsoren"},"content":{"rendered":"\n<p class=\"has-medium-font-size\">An dieser Stelle m\u00f6chten wir uns recht herzlich bei unseren Sponsoren und Partner f\u00fcr die Zuwendungen und das entgegengebrachte Vertrauen bedanken und hoffen weiterhin auf eine exzellente sowie partnerschaftliche Zusammenarbeit!<\/p>\n\n\n\n<p><\/p>\n\n\n\n<div style=\"height:100px\" aria-hidden=\"true\" class=\"wp-block-spacer\"><\/div>\n\n\n\n<div class=\"wp-block-media-text alignwide is-stacked-on-mobile is-vertically-aligned-center has-background\" style=\"background-color:#ffdb15;grid-template-columns:18% auto\"><figure class=\"wp-block-media-text__media\"><a href=\"https:\/\/www.google.com\/url?sa=t&amp;rct=j&amp;q=&amp;esrc=s&amp;source=web&amp;cd=&amp;ved=2ahUKEwjxp6yyvYP9AhVJy6QKHQmaAEcQFnoECAoQAQ&amp;url=https%3A%2F%2Fwww.joest-abrasives.com%2Fde%2F&amp;usg=AOvVaw38L094V3s3Zh_WeEKF19Qv\"><img fetchpriority=\"high\" decoding=\"async\" width=\"1728\" height=\"1029\" src=\"https:\/\/www.uesc-waldmichelbach.de\/uesc\/wp-content\/uploads\/2023\/02\/Joest-abrasives-LOGO.jpeg\" alt=\"\" class=\"wp-image-1855 size-full\" srcset=\"https:\/\/www.uesc-waldmichelbach.de\/uesc\/wp-content\/uploads\/2023\/02\/Joest-abrasives-LOGO.jpeg 1728w, https:\/\/www.uesc-waldmichelbach.de\/uesc\/wp-content\/uploads\/2023\/02\/Joest-abrasives-LOGO-300x179.jpeg 300w, https:\/\/www.uesc-waldmichelbach.de\/uesc\/wp-content\/uploads\/2023\/02\/Joest-abrasives-LOGO-768x457.jpeg 768w, https:\/\/www.uesc-waldmichelbach.de\/uesc\/wp-content\/uploads\/2023\/02\/Joest-abrasives-LOGO-1536x915.jpeg 1536w, https:\/\/www.uesc-waldmichelbach.de\/uesc\/wp-content\/uploads\/2023\/02\/Joest-abrasives-LOGO-600x357.jpeg 600w\" sizes=\"(max-width: 1728px) 100vw, 1728px\" \/><\/a><\/figure><div class=\"wp-block-media-text__content\">\n<div class=\"wp-block-group\" style=\"padding-top:2em;padding-right:2em;padding-bottom:2em;padding-left:2em\"><div class=\"wp-block-group__inner-container is-layout-flow wp-block-group-is-layout-flow\">\n<p style=\"font-size:36px;line-height:1.2\"><strong>J\u00f6st Abrasives GmbH<\/strong><\/p>\n<\/div><\/div>\n<\/div><\/div>\n\n\n\n<div class=\"wp-block-media-text alignwide has-media-on-the-right is-stacked-on-mobile is-vertically-aligned-center has-background\" style=\"background-color:#ffdb15;grid-template-columns:auto 21%\"><div class=\"wp-block-media-text__content\">\n<div class=\"wp-block-group\" style=\"padding-top:2em;padding-right:2em;padding-bottom:2em;padding-left:2em\"><div class=\"wp-block-group__inner-container is-layout-flow wp-block-group-is-layout-flow\">\n<p style=\"font-size:36px;line-height:1.2\"><strong>Menzel Solutions GmbH<\/strong> <\/p>\n\n\n\n<p class=\"has-extra-small-font-size\"><\/p>\n<\/div><\/div>\n<\/div><figure class=\"wp-block-media-text__media\"><a href=\"https:\/\/www.google.com\/url?sa=t&amp;rct=j&amp;q=&amp;esrc=s&amp;source=web&amp;cd=&amp;ved=2ahUKEwjDltypvYP9AhWgxAIHHTK5BtYQFnoECAoQAQ&amp;url=https%3A%2F%2Fmenzel-gruppe.de%2F&amp;usg=AOvVaw3veov2efbTqO6ZaWDoXQs7\"><img decoding=\"async\" src=\"https:\/\/www.uesc-waldmichelbach.de\/uesc\/wp-content\/uploads\/2023\/02\/menzellogo.png\" alt=\"\" class=\"wp-image-1854 size-full\"\/><\/a><\/figure><\/div>\n\n\n\n<div class=\"wp-block-media-text alignwide is-stacked-on-mobile is-vertically-aligned-center has-background\" style=\"background-color:#ffdb15;grid-template-columns:33% auto\"><figure class=\"wp-block-media-text__media\"><a href=\"https:\/\/www.sparkasse-starkenburg.de\/stiftung\"><img decoding=\"async\" width=\"1772\" height=\"591\" src=\"https:\/\/www.uesc-waldmichelbach.de\/uesc\/wp-content\/uploads\/2023\/07\/S-SparkassenstiftungStarkenburg_rot.jpg\" alt=\"\" class=\"wp-image-2066 size-full\" srcset=\"https:\/\/www.uesc-waldmichelbach.de\/uesc\/wp-content\/uploads\/2023\/07\/S-SparkassenstiftungStarkenburg_rot.jpg 1772w, https:\/\/www.uesc-waldmichelbach.de\/uesc\/wp-content\/uploads\/2023\/07\/S-SparkassenstiftungStarkenburg_rot-300x100.jpg 300w, https:\/\/www.uesc-waldmichelbach.de\/uesc\/wp-content\/uploads\/2023\/07\/S-SparkassenstiftungStarkenburg_rot-768x256.jpg 768w, https:\/\/www.uesc-waldmichelbach.de\/uesc\/wp-content\/uploads\/2023\/07\/S-SparkassenstiftungStarkenburg_rot-1536x512.jpg 1536w, https:\/\/www.uesc-waldmichelbach.de\/uesc\/wp-content\/uploads\/2023\/07\/S-SparkassenstiftungStarkenburg_rot-600x200.jpg 600w\" sizes=\"(max-width: 1772px) 100vw, 1772px\" \/><\/a><\/figure><div class=\"wp-block-media-text__content\">\n<div class=\"wp-block-group\" style=\"padding-top:2em;padding-right:2em;padding-bottom:2em;padding-left:2em\"><div class=\"wp-block-group__inner-container is-layout-flow wp-block-group-is-layout-flow\">\n<p style=\"font-size:36px;line-height:1.2\"><strong>Sparkassenstiftung Starkenburg<\/strong><\/p>\n<\/div><\/div>\n<\/div><\/div>\n\n\n\n<div style=\"height:100px\" aria-hidden=\"true\" class=\"wp-block-spacer\"><\/div>\n\n\n\n<div style=\"height:228px\" aria-hidden=\"true\" class=\"wp-block-spacer\"><\/div>\n","protected":false},"excerpt":{"rendered":"<p>An dieser Stelle m\u00f6chten wir uns recht herzlich bei unseren Sponsoren und Partner f\u00fcr die Zuwendungen und das entgegengebrachte Vertrauen bedanken und hoffen weiterhin auf eine exzellente sowie partnerschaftliche Zusammenarbeit!<\/p>\n","protected":false},"author":15,"featured_media":0,"parent":0,"menu_order":0,"comment_status":"closed","ping_status":"closed","template":"","meta":{"footnotes":""},"class_list":["post-1850","page","type-page","status-publish","hentry"],"yoast_head":"<!-- This site is optimized with the Yoast SEO plugin v27.4 - https:\/\/yoast.com\/product\/yoast-seo-wordpress\/ -->\n<title>Unsere Sponsoren - \u00dcberw\u00e4lder Schulsportclub<\/title>\n<meta name=\"robots\" content=\"index, follow, max-snippet:-1, max-image-preview:large, max-video-preview:-1\" \/>\n<link rel=\"canonical\" href=\"https:\/\/www.uesc-waldmichelbach.de\/uesc\/sponsoren\/\" \/>\n<meta property=\"og:locale\" content=\"de_DE\" \/>\n<meta property=\"og:type\" content=\"article\" \/>\n<meta property=\"og:title\" content=\"Unsere Sponsoren - \u00dcberw\u00e4lder Schulsportclub\" \/>\n<meta property=\"og:description\" content=\"An dieser Stelle m\u00f6chten wir uns recht herzlich bei unseren Sponsoren und Partner f\u00fcr die Zuwendungen und das entgegengebrachte Vertrauen bedanken und hoffen weiterhin auf eine exzellente sowie partnerschaftliche Zusammenarbeit!\" \/>\n<meta property=\"og:url\" content=\"https:\/\/www.uesc-waldmichelbach.de\/uesc\/sponsoren\/\" \/>\n<meta property=\"og:site_name\" content=\"\u00dcberw\u00e4lder Schulsportclub\" \/>\n<meta property=\"article:publisher\" content=\"https:\/\/www.facebook.com\/UESC.WaldMichelbach\" \/>\n<meta property=\"article:modified_time\" content=\"2023-07-18T16:23:26+00:00\" \/>\n<meta property=\"og:image\" content=\"https:\/\/www.uesc-waldmichelbach.de\/uesc\/wp-content\/uploads\/2023\/02\/Joest-abrasives-LOGO.jpeg\" \/>\n<meta name=\"twitter:card\" content=\"summary_large_image\" \/>\n<script type=\"application\/ld+json\" class=\"yoast-schema-graph\">{\"@context\":\"https:\\\/\\\/schema.org\",\"@graph\":[{\"@type\":\"WebPage\",\"@id\":\"https:\\\/\\\/www.uesc-waldmichelbach.de\\\/uesc\\\/sponsoren\\\/\",\"url\":\"https:\\\/\\\/www.uesc-waldmichelbach.de\\\/uesc\\\/sponsoren\\\/\",\"name\":\"Unsere Sponsoren - \u00dcberw\u00e4lder Schulsportclub\",\"isPartOf\":{\"@id\":\"https:\\\/\\\/www.uesc-waldmichelbach.de\\\/uesc\\\/#website\"},\"primaryImageOfPage\":{\"@id\":\"https:\\\/\\\/www.uesc-waldmichelbach.de\\\/uesc\\\/sponsoren\\\/#primaryimage\"},\"image\":{\"@id\":\"https:\\\/\\\/www.uesc-waldmichelbach.de\\\/uesc\\\/sponsoren\\\/#primaryimage\"},\"thumbnailUrl\":\"https:\\\/\\\/www.uesc-waldmichelbach.de\\\/uesc\\\/wp-content\\\/uploads\\\/2023\\\/02\\\/Joest-abrasives-LOGO.jpeg\",\"datePublished\":\"2023-02-07T13:10:35+00:00\",\"dateModified\":\"2023-07-18T16:23:26+00:00\",\"breadcrumb\":{\"@id\":\"https:\\\/\\\/www.uesc-waldmichelbach.de\\\/uesc\\\/sponsoren\\\/#breadcrumb\"},\"inLanguage\":\"de\",\"potentialAction\":[{\"@type\":\"ReadAction\",\"target\":[\"https:\\\/\\\/www.uesc-waldmichelbach.de\\\/uesc\\\/sponsoren\\\/\"]}]},{\"@type\":\"ImageObject\",\"inLanguage\":\"de\",\"@id\":\"https:\\\/\\\/www.uesc-waldmichelbach.de\\\/uesc\\\/sponsoren\\\/#primaryimage\",\"url\":\"https:\\\/\\\/www.uesc-waldmichelbach.de\\\/uesc\\\/wp-content\\\/uploads\\\/2023\\\/02\\\/Joest-abrasives-LOGO.jpeg\",\"contentUrl\":\"https:\\\/\\\/www.uesc-waldmichelbach.de\\\/uesc\\\/wp-content\\\/uploads\\\/2023\\\/02\\\/Joest-abrasives-LOGO.jpeg\",\"width\":1728,\"height\":1029},{\"@type\":\"BreadcrumbList\",\"@id\":\"https:\\\/\\\/www.uesc-waldmichelbach.de\\\/uesc\\\/sponsoren\\\/#breadcrumb\",\"itemListElement\":[{\"@type\":\"ListItem\",\"position\":1,\"name\":\"Startseite\",\"item\":\"https:\\\/\\\/www.uesc-waldmichelbach.de\\\/uesc\\\/\"},{\"@type\":\"ListItem\",\"position\":2,\"name\":\"Unsere Sponsoren\"}]},{\"@type\":\"WebSite\",\"@id\":\"https:\\\/\\\/www.uesc-waldmichelbach.de\\\/uesc\\\/#website\",\"url\":\"https:\\\/\\\/www.uesc-waldmichelbach.de\\\/uesc\\\/\",\"name\":\"\u00dcberw\u00e4lder Schulsportclub\",\"description\":\"\u00dcberw\u00e4lder Sportverein\",\"publisher\":{\"@id\":\"https:\\\/\\\/www.uesc-waldmichelbach.de\\\/uesc\\\/#organization\"},\"potentialAction\":[{\"@type\":\"SearchAction\",\"target\":{\"@type\":\"EntryPoint\",\"urlTemplate\":\"https:\\\/\\\/www.uesc-waldmichelbach.de\\\/uesc\\\/?s={search_term_string}\"},\"query-input\":{\"@type\":\"PropertyValueSpecification\",\"valueRequired\":true,\"valueName\":\"search_term_string\"}}],\"inLanguage\":\"de\"},{\"@type\":\"Organization\",\"@id\":\"https:\\\/\\\/www.uesc-waldmichelbach.de\\\/uesc\\\/#organization\",\"name\":\"\u00dcberw\u00e4lder Schulsportclub\",\"url\":\"https:\\\/\\\/www.uesc-waldmichelbach.de\\\/uesc\\\/\",\"logo\":{\"@type\":\"ImageObject\",\"inLanguage\":\"de\",\"@id\":\"https:\\\/\\\/www.uesc-waldmichelbach.de\\\/uesc\\\/#\\\/schema\\\/logo\\\/image\\\/\",\"url\":\"https:\\\/\\\/www.uesc-waldmichelbach.de\\\/uesc\\\/wp-content\\\/uploads\\\/2022\\\/10\\\/cropped-UeSC-Logo-Varianten.png\",\"contentUrl\":\"https:\\\/\\\/www.uesc-waldmichelbach.de\\\/uesc\\\/wp-content\\\/uploads\\\/2022\\\/10\\\/cropped-UeSC-Logo-Varianten.png\",\"width\":240,\"height\":258,\"caption\":\"\u00dcberw\u00e4lder Schulsportclub\"},\"image\":{\"@id\":\"https:\\\/\\\/www.uesc-waldmichelbach.de\\\/uesc\\\/#\\\/schema\\\/logo\\\/image\\\/\"},\"sameAs\":[\"https:\\\/\\\/www.facebook.com\\\/UESC.WaldMichelbach\",\"https:\\\/\\\/www.instagram.com\\\/uesc.wamiba\\\/\"]}]}<\/script>\n<!-- \/ Yoast SEO plugin. -->","yoast_head_json":{"title":"Unsere Sponsoren - \u00dcberw\u00e4lder Schulsportclub","robots":{"index":"index","follow":"follow","max-snippet":"max-snippet:-1","max-image-preview":"max-image-preview:large","max-video-preview":"max-video-preview:-1"},"canonical":"https:\/\/www.uesc-waldmichelbach.de\/uesc\/sponsoren\/","og_locale":"de_DE","og_type":"article","og_title":"Unsere Sponsoren - \u00dcberw\u00e4lder Schulsportclub","og_description":"An dieser Stelle m\u00f6chten wir uns recht herzlich bei unseren Sponsoren und Partner f\u00fcr die Zuwendungen und das entgegengebrachte Vertrauen bedanken und hoffen weiterhin auf eine exzellente sowie partnerschaftliche Zusammenarbeit!","og_url":"https:\/\/www.uesc-waldmichelbach.de\/uesc\/sponsoren\/","og_site_name":"\u00dcberw\u00e4lder Schulsportclub","article_publisher":"https:\/\/www.facebook.com\/UESC.WaldMichelbach","article_modified_time":"2023-07-18T16:23:26+00:00","og_image":[{"url":"https:\/\/www.uesc-waldmichelbach.de\/uesc\/wp-content\/uploads\/2023\/02\/Joest-abrasives-LOGO.jpeg","type":"","width":"","height":""}],"twitter_card":"summary_large_image","schema":{"@context":"https:\/\/schema.org","@graph":[{"@type":"WebPage","@id":"https:\/\/www.uesc-waldmichelbach.de\/uesc\/sponsoren\/","url":"https:\/\/www.uesc-waldmichelbach.de\/uesc\/sponsoren\/","name":"Unsere Sponsoren - \u00dcberw\u00e4lder Schulsportclub","isPartOf":{"@id":"https:\/\/www.uesc-waldmichelbach.de\/uesc\/#website"},"primaryImageOfPage":{"@id":"https:\/\/www.uesc-waldmichelbach.de\/uesc\/sponsoren\/#primaryimage"},"image":{"@id":"https:\/\/www.uesc-waldmichelbach.de\/uesc\/sponsoren\/#primaryimage"},"thumbnailUrl":"https:\/\/www.uesc-waldmichelbach.de\/uesc\/wp-content\/uploads\/2023\/02\/Joest-abrasives-LOGO.jpeg","datePublished":"2023-02-07T13:10:35+00:00","dateModified":"2023-07-18T16:23:26+00:00","breadcrumb":{"@id":"https:\/\/www.uesc-waldmichelbach.de\/uesc\/sponsoren\/#breadcrumb"},"inLanguage":"de","potentialAction":[{"@type":"ReadAction","target":["https:\/\/www.uesc-waldmichelbach.de\/uesc\/sponsoren\/"]}]},{"@type":"ImageObject","inLanguage":"de","@id":"https:\/\/www.uesc-waldmichelbach.de\/uesc\/sponsoren\/#primaryimage","url":"https:\/\/www.uesc-waldmichelbach.de\/uesc\/wp-content\/uploads\/2023\/02\/Joest-abrasives-LOGO.jpeg","contentUrl":"https:\/\/www.uesc-waldmichelbach.de\/uesc\/wp-content\/uploads\/2023\/02\/Joest-abrasives-LOGO.jpeg","width":1728,"height":1029},{"@type":"BreadcrumbList","@id":"https:\/\/www.uesc-waldmichelbach.de\/uesc\/sponsoren\/#breadcrumb","itemListElement":[{"@type":"ListItem","position":1,"name":"Startseite","item":"https:\/\/www.uesc-waldmichelbach.de\/uesc\/"},{"@type":"ListItem","position":2,"name":"Unsere Sponsoren"}]},{"@type":"WebSite","@id":"https:\/\/www.uesc-waldmichelbach.de\/uesc\/#website","url":"https:\/\/www.uesc-waldmichelbach.de\/uesc\/","name":"\u00dcberw\u00e4lder Schulsportclub","description":"\u00dcberw\u00e4lder Sportverein","publisher":{"@id":"https:\/\/www.uesc-waldmichelbach.de\/uesc\/#organization"},"potentialAction":[{"@type":"SearchAction","target":{"@type":"EntryPoint","urlTemplate":"https:\/\/www.uesc-waldmichelbach.de\/uesc\/?s={search_term_string}"},"query-input":{"@type":"PropertyValueSpecification","valueRequired":true,"valueName":"search_term_string"}}],"inLanguage":"de"},{"@type":"Organization","@id":"https:\/\/www.uesc-waldmichelbach.de\/uesc\/#organization","name":"\u00dcberw\u00e4lder Schulsportclub","url":"https:\/\/www.uesc-waldmichelbach.de\/uesc\/","logo":{"@type":"ImageObject","inLanguage":"de","@id":"https:\/\/www.uesc-waldmichelbach.de\/uesc\/#\/schema\/logo\/image\/","url":"https:\/\/www.uesc-waldmichelbach.de\/uesc\/wp-content\/uploads\/2022\/10\/cropped-UeSC-Logo-Varianten.png","contentUrl":"https:\/\/www.uesc-waldmichelbach.de\/uesc\/wp-content\/uploads\/2022\/10\/cropped-UeSC-Logo-Varianten.png","width":240,"height":258,"caption":"\u00dcberw\u00e4lder Schulsportclub"},"image":{"@id":"https:\/\/www.uesc-waldmichelbach.de\/uesc\/#\/schema\/logo\/image\/"},"sameAs":["https:\/\/www.facebook.com\/UESC.WaldMichelbach","https:\/\/www.instagram.com\/uesc.wamiba\/"]}]}},"_links":{"self":[{"href":"https:\/\/www.uesc-waldmichelbach.de\/uesc\/wp-json\/wp\/v2\/pages\/1850","targetHints":{"allow":["GET"]}}],"collection":[{"href":"https:\/\/www.uesc-waldmichelbach.de\/uesc\/wp-json\/wp\/v2\/pages"}],"about":[{"href":"https:\/\/www.uesc-waldmichelbach.de\/uesc\/wp-json\/wp\/v2\/types\/page"}],"author":[{"embeddable":true,"href":"https:\/\/www.uesc-waldmichelbach.de\/uesc\/wp-json\/wp\/v2\/users\/15"}],"replies":[{"embeddable":true,"href":"https:\/\/www.uesc-waldmichelbach.de\/uesc\/wp-json\/wp\/v2\/comments?post=1850"}],"version-history":[{"count":7,"href":"https:\/\/www.uesc-waldmichelbach.de\/uesc\/wp-json\/wp\/v2\/pages\/1850\/revisions"}],"predecessor-version":[{"id":2068,"href":"https:\/\/www.uesc-waldmichelbach.de\/uesc\/wp-json\/wp\/v2\/pages\/1850\/revisions\/2068"}],"wp:attachment":[{"href":"https:\/\/www.uesc-waldmichelbach.de\/uesc\/wp-json\/wp\/v2\/media?parent=1850"}],"curies":[{"name":"wp","href":"https:\/\/api.w.org\/{rel}","templated":true}]}}