{"id":18,"date":"2022-10-14T17:14:13","date_gmt":"2022-10-14T15:14:13","guid":{"rendered":"http:\/\/www.uesc-waldmichelbach.de\/uesc\/?page_id=18"},"modified":"2025-06-05T19:39:38","modified_gmt":"2025-06-05T17:39:38","slug":"basketball","status":"publish","type":"page","link":"https:\/\/www.uesc-waldmichelbach.de\/uesc\/basketball\/","title":{"rendered":"Basketball"},"content":{"rendered":"<div class=\"wp-block-image is-style-default\">\r\n<figure class=\"aligncenter size-medium\"><img fetchpriority=\"high\" decoding=\"async\" width=\"300\" height=\"251\" class=\"wp-image-1414\" src=\"https:\/\/www.uesc-waldmichelbach.de\/uesc\/wp-content\/uploads\/2022\/10\/1-3-300x251.png\" alt=\"\" srcset=\"https:\/\/www.uesc-waldmichelbach.de\/uesc\/wp-content\/uploads\/2022\/10\/1-3-300x251.png 300w, https:\/\/www.uesc-waldmichelbach.de\/uesc\/wp-content\/uploads\/2022\/10\/1-3-600x503.png 600w, https:\/\/www.uesc-waldmichelbach.de\/uesc\/wp-content\/uploads\/2022\/10\/1-3-768x644.png 768w, https:\/\/www.uesc-waldmichelbach.de\/uesc\/wp-content\/uploads\/2022\/10\/1-3.png 940w\" sizes=\"(max-width: 300px) 100vw, 300px\" \/><\/figure>\r\n<\/div>\r\n\r\n\r\n<div class=\"wp-block-media-text alignwide is-stacked-on-mobile has-background\" style=\"background-color: #ffdb15;\">\r\n<figure class=\"wp-block-media-text__media\"><img decoding=\"async\" class=\"wp-image-2276  alignnone\" src=\"https:\/\/www.uesc-waldmichelbach.de\/uesc\/wp-content\/uploads\/2024\/02\/b8f66059-a796-4496-8bc1-6883ba10abfc-1-300x236.jpg\" alt=\"\" width=\"1124\" height=\"884\" srcset=\"https:\/\/www.uesc-waldmichelbach.de\/uesc\/wp-content\/uploads\/2024\/02\/b8f66059-a796-4496-8bc1-6883ba10abfc-1-300x236.jpg 300w, https:\/\/www.uesc-waldmichelbach.de\/uesc\/wp-content\/uploads\/2024\/02\/b8f66059-a796-4496-8bc1-6883ba10abfc-1-768x604.jpg 768w, https:\/\/www.uesc-waldmichelbach.de\/uesc\/wp-content\/uploads\/2024\/02\/b8f66059-a796-4496-8bc1-6883ba10abfc-1-600x472.jpg 600w, https:\/\/www.uesc-waldmichelbach.de\/uesc\/wp-content\/uploads\/2024\/02\/b8f66059-a796-4496-8bc1-6883ba10abfc-1.jpg 1198w\" sizes=\"(max-width: 1124px) 100vw, 1124px\" \/><\/figure>\r\n<div class=\"wp-block-media-text__content\">\r\n<h2 class=\"wp-block-heading\">\u00a0<\/h2>\r\n<h2 class=\"has-black-color has-text-color\">Basketball<\/h2>\r\n\r\n\r\n\r\n\r\n\r\n<p class=\"has-medium-font-size\">Auch beim \u00dcSC Wald-Michelbach gibt es begeisterte Basketballspieler, die fast alle schon seit \u00fcber 20 Jahren Basketball beim \u00dcSC spielen.<\/p>\r\n<p class=\"has-medium-font-size\">Seiteinigen Jahren hat sich die Abteilung Basketball durch neue Jugendliche deutlich verst\u00e4rkt und verj\u00fcngt. Am Spielbetrieb wird jedoch nicht teilgenommen (Grund: zu wenige Jugendliche eines Jahrganges). Grundlagenarbeit, sowie der Spa\u00df steht aktuell bei den Trainings im Vordergrund.<\/p>\r\n<p class=\"has-medium-font-size\">Wir freuen uns auf neue Teilnehmer (jedes Alter, alle Geschlechter!) die Spa\u00df am schnellen Ballsport haben und sich im Training beweisen wollen.<\/p>\r\n<div class=\"wp-block-buttons\"><\/div>\r\n<\/div>\r\n<\/div>\r\n<!-- \/wp:post-content -->\r\n\r\n<!-- wp:heading {\"level\":5} -->\r\n<h5>\u00a0<\/h5>\r\n<!-- \/wp:heading -->\r\n\r\n<!-- wp:paragraph {\"fontSize\":\"medium\"} -->\r\n<p class=\"has-medium-font-size\">Ein allseits bekannter spannender Sport. Das Ziel des Spiels besteht darin, den Spielball dribbelnd oder per Passspiel in die gegnerische Spielh\u00e4lfte zu bewegen und dort in den gegnerischen Korb zu werfen.<\/p>\r\n<!-- \/wp:paragraph -->\r\n\r\n<!-- wp:paragraph {\"fontSize\":\"medium\"} -->\r\n<p class=\"has-medium-font-size\">Der Basketball muss von oben in den Korb fallen, der in einer H\u00f6he von 3,05 Metern h\u00e4ngt. Dabei kann der Ball auch \u00fcber das Brett gespielt werden. Ein erfolgreicher Korbwurf, Korbleger oder Dunk wird im Normalfall mit zwei Punkten gewertet. Ein Korbwurf von jenseits der Drei-Punkte-Linie z\u00e4hlt drei Punkte, ein Freiwurf einen Punkt. Sieger des Wettkampfes ist diejenige Mannschaft, die nach Ablauf der Spielzeit mehr Punkte erzielt hat als der Gegner. Bei einem Gleichstand wird eine Verl\u00e4ngerung von f\u00fcnf Minuten gespielt. Das wird solange wiederholt, bis ein Sieger feststeht.<\/p>\r\n<!-- \/wp:paragraph -->\r\n\r\n<!-- wp:image {\"align\":\"center\",\"id\":1414,\"sizeSlug\":\"thumbnail\",\"linkDestination\":\"none\"} -->\r\n<figure class=\"wp-block-image aligncenter size-thumbnail\"><img decoding=\"async\" width=\"150\" height=\"150\" class=\"wp-image-1414\" src=\"https:\/\/www.uesc-waldmichelbach.de\/uesc\/wp-content\/uploads\/2022\/10\/1-3-150x150.png\" alt=\"\" srcset=\"https:\/\/www.uesc-waldmichelbach.de\/uesc\/wp-content\/uploads\/2022\/10\/1-3-150x150.png 150w, https:\/\/www.uesc-waldmichelbach.de\/uesc\/wp-content\/uploads\/2022\/10\/1-3-300x300.png 300w, https:\/\/www.uesc-waldmichelbach.de\/uesc\/wp-content\/uploads\/2022\/10\/1-3-100x100.png 100w\" sizes=\"(max-width: 150px) 100vw, 150px\" \/><\/figure>\r\n<!-- \/wp:image -->\r\n\r\n<!-- wp:heading {\"level\":1} -->\r\n<h1>BASKETBALL TRAININGSTERMINE<\/h1>\r\n<!-- \/wp:heading -->\r\n\r\n<!-- wp:paragraph {\"fontSize\":\"medium\"} \/-->\r\n\r\n<!-- wp:paragraph {\"fontSize\":\"medium\"} -->\r\n<p class=\"has-medium-font-size\">Donnerstag, 18:45-20:45 Uhr, Adam-Karillon Halle, Jugend und Erwachsene (m\u00e4nnlich und weiblich)<\/p>\r\n<!-- \/wp:paragraph -->\r\n\r\n<!-- wp:paragraph {\"fontSize\":\"medium\"} -->\r\n<p class=\"has-medium-font-size\">Ansprechpartner: Michael Kessler<br \/>Tel.: 0160\/94715454<\/p>\r\n<!-- \/wp:paragraph -->\r\n\r\n<!-- wp:paragraph {\"fontSize\":\"medium\"} -->\r\n<p class=\"has-medium-font-size\">E-Mail: michael@uesc-waldmichelbach.de<\/p>\r\n<!-- \/wp:paragraph -->\r\n\r\n<!-- wp:image {\"align\":\"center\",\"id\":1414,\"sizeSlug\":\"thumbnail\",\"linkDestination\":\"none\"} -->\r\n<figure class=\"wp-block-image aligncenter size-thumbnail\"><img decoding=\"async\" width=\"150\" height=\"150\" class=\"wp-image-1414\" src=\"https:\/\/www.uesc-waldmichelbach.de\/uesc\/wp-content\/uploads\/2022\/10\/1-3-150x150.png\" alt=\"\" srcset=\"https:\/\/www.uesc-waldmichelbach.de\/uesc\/wp-content\/uploads\/2022\/10\/1-3-150x150.png 150w, https:\/\/www.uesc-waldmichelbach.de\/uesc\/wp-content\/uploads\/2022\/10\/1-3-300x300.png 300w, https:\/\/www.uesc-waldmichelbach.de\/uesc\/wp-content\/uploads\/2022\/10\/1-3-100x100.png 100w\" sizes=\"(max-width: 150px) 100vw, 150px\" \/><\/figure>\r\n<!-- \/wp:image -->","protected":false},"excerpt":{"rendered":"<p>\u00a0 Basketball Auch beim \u00dcSC Wald-Michelbach gibt es begeisterte Basketballspieler, die fast alle schon seit \u00fcber 20 Jahren Basketball beim \u00dcSC spielen. Seiteinigen Jahren hat sich die Abteilung Basketball durch neue Jugendliche deutlich verst\u00e4rkt und verj\u00fcngt. Am Spielbetrieb wird jedoch nicht teilgenommen (Grund: zu wenige Jugendliche eines Jahrganges). Grundlagenarbeit, sowie der Spa\u00df steht aktuell bei [&hellip;]<\/p>\n","protected":false},"author":15,"featured_media":0,"parent":0,"menu_order":0,"comment_status":"closed","ping_status":"closed","template":"","meta":{"footnotes":""},"class_list":["post-18","page","type-page","status-publish","hentry"],"yoast_head":"<!-- This site is optimized with the Yoast SEO plugin v27.4 - https:\/\/yoast.com\/product\/yoast-seo-wordpress\/ -->\n<title>Basketball - \u00dcberw\u00e4lder Schulsportclub<\/title>\n<meta name=\"robots\" content=\"index, follow, max-snippet:-1, max-image-preview:large, max-video-preview:-1\" \/>\n<link rel=\"canonical\" href=\"https:\/\/www.uesc-waldmichelbach.de\/uesc\/basketball\/\" \/>\n<meta property=\"og:locale\" content=\"de_DE\" \/>\n<meta property=\"og:type\" content=\"article\" \/>\n<meta property=\"og:title\" content=\"Basketball - \u00dcberw\u00e4lder Schulsportclub\" \/>\n<meta property=\"og:description\" content=\"\u00a0 Basketball Auch beim \u00dcSC Wald-Michelbach gibt es begeisterte Basketballspieler, die fast alle schon seit \u00fcber 20 Jahren Basketball beim \u00dcSC spielen. Seiteinigen Jahren hat sich die Abteilung Basketball durch neue Jugendliche deutlich verst\u00e4rkt und verj\u00fcngt. Am Spielbetrieb wird jedoch nicht teilgenommen (Grund: zu wenige Jugendliche eines Jahrganges). Grundlagenarbeit, sowie der Spa\u00df steht aktuell bei [&hellip;]\" \/>\n<meta property=\"og:url\" content=\"https:\/\/www.uesc-waldmichelbach.de\/uesc\/basketball\/\" \/>\n<meta property=\"og:site_name\" content=\"\u00dcberw\u00e4lder Schulsportclub\" \/>\n<meta property=\"article:publisher\" content=\"https:\/\/www.facebook.com\/UESC.WaldMichelbach\" \/>\n<meta property=\"article:modified_time\" content=\"2025-06-05T17:39:38+00:00\" \/>\n<meta property=\"og:image\" content=\"https:\/\/www.uesc-waldmichelbach.de\/uesc\/wp-content\/uploads\/2022\/10\/1-3.png\" \/>\n\t<meta property=\"og:image:width\" content=\"940\" \/>\n\t<meta property=\"og:image:height\" content=\"788\" \/>\n\t<meta property=\"og:image:type\" content=\"image\/png\" \/>\n<meta name=\"twitter:card\" content=\"summary_large_image\" \/>\n<meta name=\"twitter:label1\" content=\"Gesch\u00e4tzte Lesezeit\" \/>\n\t<meta name=\"twitter:data1\" content=\"3\u00a0Minuten\" \/>\n<script type=\"application\/ld+json\" class=\"yoast-schema-graph\">{\"@context\":\"https:\\\/\\\/schema.org\",\"@graph\":[{\"@type\":\"WebPage\",\"@id\":\"https:\\\/\\\/www.uesc-waldmichelbach.de\\\/uesc\\\/basketball\\\/\",\"url\":\"https:\\\/\\\/www.uesc-waldmichelbach.de\\\/uesc\\\/basketball\\\/\",\"name\":\"Basketball - \u00dcberw\u00e4lder Schulsportclub\",\"isPartOf\":{\"@id\":\"https:\\\/\\\/www.uesc-waldmichelbach.de\\\/uesc\\\/#website\"},\"primaryImageOfPage\":{\"@id\":\"https:\\\/\\\/www.uesc-waldmichelbach.de\\\/uesc\\\/basketball\\\/#primaryimage\"},\"image\":{\"@id\":\"https:\\\/\\\/www.uesc-waldmichelbach.de\\\/uesc\\\/basketball\\\/#primaryimage\"},\"thumbnailUrl\":\"https:\\\/\\\/www.uesc-waldmichelbach.de\\\/uesc\\\/wp-content\\\/uploads\\\/2022\\\/10\\\/1-3-300x251.png\",\"datePublished\":\"2022-10-14T15:14:13+00:00\",\"dateModified\":\"2025-06-05T17:39:38+00:00\",\"breadcrumb\":{\"@id\":\"https:\\\/\\\/www.uesc-waldmichelbach.de\\\/uesc\\\/basketball\\\/#breadcrumb\"},\"inLanguage\":\"de\",\"potentialAction\":[{\"@type\":\"ReadAction\",\"target\":[\"https:\\\/\\\/www.uesc-waldmichelbach.de\\\/uesc\\\/basketball\\\/\"]}]},{\"@type\":\"ImageObject\",\"inLanguage\":\"de\",\"@id\":\"https:\\\/\\\/www.uesc-waldmichelbach.de\\\/uesc\\\/basketball\\\/#primaryimage\",\"url\":\"https:\\\/\\\/www.uesc-waldmichelbach.de\\\/uesc\\\/wp-content\\\/uploads\\\/2022\\\/10\\\/1-3.png\",\"contentUrl\":\"https:\\\/\\\/www.uesc-waldmichelbach.de\\\/uesc\\\/wp-content\\\/uploads\\\/2022\\\/10\\\/1-3.png\",\"width\":940,\"height\":788},{\"@type\":\"BreadcrumbList\",\"@id\":\"https:\\\/\\\/www.uesc-waldmichelbach.de\\\/uesc\\\/basketball\\\/#breadcrumb\",\"itemListElement\":[{\"@type\":\"ListItem\",\"position\":1,\"name\":\"Startseite\",\"item\":\"https:\\\/\\\/www.uesc-waldmichelbach.de\\\/uesc\\\/\"},{\"@type\":\"ListItem\",\"position\":2,\"name\":\"Basketball\"}]},{\"@type\":\"WebSite\",\"@id\":\"https:\\\/\\\/www.uesc-waldmichelbach.de\\\/uesc\\\/#website\",\"url\":\"https:\\\/\\\/www.uesc-waldmichelbach.de\\\/uesc\\\/\",\"name\":\"\u00dcberw\u00e4lder Schulsportclub\",\"description\":\"\u00dcberw\u00e4lder Sportverein\",\"publisher\":{\"@id\":\"https:\\\/\\\/www.uesc-waldmichelbach.de\\\/uesc\\\/#organization\"},\"potentialAction\":[{\"@type\":\"SearchAction\",\"target\":{\"@type\":\"EntryPoint\",\"urlTemplate\":\"https:\\\/\\\/www.uesc-waldmichelbach.de\\\/uesc\\\/?s={search_term_string}\"},\"query-input\":{\"@type\":\"PropertyValueSpecification\",\"valueRequired\":true,\"valueName\":\"search_term_string\"}}],\"inLanguage\":\"de\"},{\"@type\":\"Organization\",\"@id\":\"https:\\\/\\\/www.uesc-waldmichelbach.de\\\/uesc\\\/#organization\",\"name\":\"\u00dcberw\u00e4lder Schulsportclub\",\"url\":\"https:\\\/\\\/www.uesc-waldmichelbach.de\\\/uesc\\\/\",\"logo\":{\"@type\":\"ImageObject\",\"inLanguage\":\"de\",\"@id\":\"https:\\\/\\\/www.uesc-waldmichelbach.de\\\/uesc\\\/#\\\/schema\\\/logo\\\/image\\\/\",\"url\":\"https:\\\/\\\/www.uesc-waldmichelbach.de\\\/uesc\\\/wp-content\\\/uploads\\\/2022\\\/10\\\/cropped-UeSC-Logo-Varianten.png\",\"contentUrl\":\"https:\\\/\\\/www.uesc-waldmichelbach.de\\\/uesc\\\/wp-content\\\/uploads\\\/2022\\\/10\\\/cropped-UeSC-Logo-Varianten.png\",\"width\":240,\"height\":258,\"caption\":\"\u00dcberw\u00e4lder Schulsportclub\"},\"image\":{\"@id\":\"https:\\\/\\\/www.uesc-waldmichelbach.de\\\/uesc\\\/#\\\/schema\\\/logo\\\/image\\\/\"},\"sameAs\":[\"https:\\\/\\\/www.facebook.com\\\/UESC.WaldMichelbach\",\"https:\\\/\\\/www.instagram.com\\\/uesc.wamiba\\\/\"]}]}<\/script>\n<!-- \/ Yoast SEO plugin. -->","yoast_head_json":{"title":"Basketball - \u00dcberw\u00e4lder Schulsportclub","robots":{"index":"index","follow":"follow","max-snippet":"max-snippet:-1","max-image-preview":"max-image-preview:large","max-video-preview":"max-video-preview:-1"},"canonical":"https:\/\/www.uesc-waldmichelbach.de\/uesc\/basketball\/","og_locale":"de_DE","og_type":"article","og_title":"Basketball - \u00dcberw\u00e4lder Schulsportclub","og_description":"\u00a0 Basketball Auch beim \u00dcSC Wald-Michelbach gibt es begeisterte Basketballspieler, die fast alle schon seit \u00fcber 20 Jahren Basketball beim \u00dcSC spielen. Seiteinigen Jahren hat sich die Abteilung Basketball durch neue Jugendliche deutlich verst\u00e4rkt und verj\u00fcngt. Am Spielbetrieb wird jedoch nicht teilgenommen (Grund: zu wenige Jugendliche eines Jahrganges). Grundlagenarbeit, sowie der Spa\u00df steht aktuell bei [&hellip;]","og_url":"https:\/\/www.uesc-waldmichelbach.de\/uesc\/basketball\/","og_site_name":"\u00dcberw\u00e4lder Schulsportclub","article_publisher":"https:\/\/www.facebook.com\/UESC.WaldMichelbach","article_modified_time":"2025-06-05T17:39:38+00:00","og_image":[{"width":940,"height":788,"url":"https:\/\/www.uesc-waldmichelbach.de\/uesc\/wp-content\/uploads\/2022\/10\/1-3.png","type":"image\/png"}],"twitter_card":"summary_large_image","twitter_misc":{"Gesch\u00e4tzte Lesezeit":"3\u00a0Minuten"},"schema":{"@context":"https:\/\/schema.org","@graph":[{"@type":"WebPage","@id":"https:\/\/www.uesc-waldmichelbach.de\/uesc\/basketball\/","url":"https:\/\/www.uesc-waldmichelbach.de\/uesc\/basketball\/","name":"Basketball - \u00dcberw\u00e4lder Schulsportclub","isPartOf":{"@id":"https:\/\/www.uesc-waldmichelbach.de\/uesc\/#website"},"primaryImageOfPage":{"@id":"https:\/\/www.uesc-waldmichelbach.de\/uesc\/basketball\/#primaryimage"},"image":{"@id":"https:\/\/www.uesc-waldmichelbach.de\/uesc\/basketball\/#primaryimage"},"thumbnailUrl":"https:\/\/www.uesc-waldmichelbach.de\/uesc\/wp-content\/uploads\/2022\/10\/1-3-300x251.png","datePublished":"2022-10-14T15:14:13+00:00","dateModified":"2025-06-05T17:39:38+00:00","breadcrumb":{"@id":"https:\/\/www.uesc-waldmichelbach.de\/uesc\/basketball\/#breadcrumb"},"inLanguage":"de","potentialAction":[{"@type":"ReadAction","target":["https:\/\/www.uesc-waldmichelbach.de\/uesc\/basketball\/"]}]},{"@type":"ImageObject","inLanguage":"de","@id":"https:\/\/www.uesc-waldmichelbach.de\/uesc\/basketball\/#primaryimage","url":"https:\/\/www.uesc-waldmichelbach.de\/uesc\/wp-content\/uploads\/2022\/10\/1-3.png","contentUrl":"https:\/\/www.uesc-waldmichelbach.de\/uesc\/wp-content\/uploads\/2022\/10\/1-3.png","width":940,"height":788},{"@type":"BreadcrumbList","@id":"https:\/\/www.uesc-waldmichelbach.de\/uesc\/basketball\/#breadcrumb","itemListElement":[{"@type":"ListItem","position":1,"name":"Startseite","item":"https:\/\/www.uesc-waldmichelbach.de\/uesc\/"},{"@type":"ListItem","position":2,"name":"Basketball"}]},{"@type":"WebSite","@id":"https:\/\/www.uesc-waldmichelbach.de\/uesc\/#website","url":"https:\/\/www.uesc-waldmichelbach.de\/uesc\/","name":"\u00dcberw\u00e4lder Schulsportclub","description":"\u00dcberw\u00e4lder Sportverein","publisher":{"@id":"https:\/\/www.uesc-waldmichelbach.de\/uesc\/#organization"},"potentialAction":[{"@type":"SearchAction","target":{"@type":"EntryPoint","urlTemplate":"https:\/\/www.uesc-waldmichelbach.de\/uesc\/?s={search_term_string}"},"query-input":{"@type":"PropertyValueSpecification","valueRequired":true,"valueName":"search_term_string"}}],"inLanguage":"de"},{"@type":"Organization","@id":"https:\/\/www.uesc-waldmichelbach.de\/uesc\/#organization","name":"\u00dcberw\u00e4lder Schulsportclub","url":"https:\/\/www.uesc-waldmichelbach.de\/uesc\/","logo":{"@type":"ImageObject","inLanguage":"de","@id":"https:\/\/www.uesc-waldmichelbach.de\/uesc\/#\/schema\/logo\/image\/","url":"https:\/\/www.uesc-waldmichelbach.de\/uesc\/wp-content\/uploads\/2022\/10\/cropped-UeSC-Logo-Varianten.png","contentUrl":"https:\/\/www.uesc-waldmichelbach.de\/uesc\/wp-content\/uploads\/2022\/10\/cropped-UeSC-Logo-Varianten.png","width":240,"height":258,"caption":"\u00dcberw\u00e4lder Schulsportclub"},"image":{"@id":"https:\/\/www.uesc-waldmichelbach.de\/uesc\/#\/schema\/logo\/image\/"},"sameAs":["https:\/\/www.facebook.com\/UESC.WaldMichelbach","https:\/\/www.instagram.com\/uesc.wamiba\/"]}]}},"_links":{"self":[{"href":"https:\/\/www.uesc-waldmichelbach.de\/uesc\/wp-json\/wp\/v2\/pages\/18","targetHints":{"allow":["GET"]}}],"collection":[{"href":"https:\/\/www.uesc-waldmichelbach.de\/uesc\/wp-json\/wp\/v2\/pages"}],"about":[{"href":"https:\/\/www.uesc-waldmichelbach.de\/uesc\/wp-json\/wp\/v2\/types\/page"}],"author":[{"embeddable":true,"href":"https:\/\/www.uesc-waldmichelbach.de\/uesc\/wp-json\/wp\/v2\/users\/15"}],"replies":[{"embeddable":true,"href":"https:\/\/www.uesc-waldmichelbach.de\/uesc\/wp-json\/wp\/v2\/comments?post=18"}],"version-history":[{"count":45,"href":"https:\/\/www.uesc-waldmichelbach.de\/uesc\/wp-json\/wp\/v2\/pages\/18\/revisions"}],"predecessor-version":[{"id":2503,"href":"https:\/\/www.uesc-waldmichelbach.de\/uesc\/wp-json\/wp\/v2\/pages\/18\/revisions\/2503"}],"wp:attachment":[{"href":"https:\/\/www.uesc-waldmichelbach.de\/uesc\/wp-json\/wp\/v2\/media?parent=18"}],"curies":[{"name":"wp","href":"https:\/\/api.w.org\/{rel}","templated":true}]}}