{"id":1100,"date":"2021-06-17T15:38:42","date_gmt":"2021-06-17T13:38:42","guid":{"rendered":"https:\/\/www.uesc-waldmichelbach.de\/uesc\/?page_id=1100"},"modified":"2025-06-08T17:34:56","modified_gmt":"2025-06-08T15:34:56","slug":"uesc-damen-2-volleyball","status":"publish","type":"page","link":"https:\/\/www.uesc-waldmichelbach.de\/uesc\/uesc-damen-2-volleyball\/","title":{"rendered":"\u00dcSC Damen 2 Volleyball"},"content":{"rendered":"<div class=\"wp-block-image\">\n<figure class=\"aligncenter size-medium is-resized\"><img fetchpriority=\"high\" decoding=\"async\" width=\"300\" height=\"251\" src=\"https:\/\/www.uesc-waldmichelbach.de\/uesc\/wp-content\/uploads\/2022\/10\/2-2-300x251.png\" alt=\"\" class=\"wp-image-1427\" style=\"width:225px;height:188px\" srcset=\"https:\/\/www.uesc-waldmichelbach.de\/uesc\/wp-content\/uploads\/2022\/10\/2-2-300x251.png 300w, https:\/\/www.uesc-waldmichelbach.de\/uesc\/wp-content\/uploads\/2022\/10\/2-2-600x503.png 600w, https:\/\/www.uesc-waldmichelbach.de\/uesc\/wp-content\/uploads\/2022\/10\/2-2-768x644.png 768w, https:\/\/www.uesc-waldmichelbach.de\/uesc\/wp-content\/uploads\/2022\/10\/2-2.png 940w\" sizes=\"(max-width: 300px) 100vw, 300px\" \/><\/figure>\n<\/div>\n\n\n<div class=\"wp-block-media-text is-stacked-on-mobile is-vertically-aligned-top has-background\" style=\"background-color:#ffdb15\"><figure class=\"wp-block-media-text__media\"><img decoding=\"async\" width=\"2048\" height=\"1518\" src=\"https:\/\/www.uesc-waldmichelbach.de\/uesc\/wp-content\/uploads\/2025\/01\/PHOTO-2024-11-28-18-13-291.jpg\" alt=\"\" class=\"wp-image-2402 size-full\" srcset=\"https:\/\/www.uesc-waldmichelbach.de\/uesc\/wp-content\/uploads\/2025\/01\/PHOTO-2024-11-28-18-13-291.jpg 2048w, https:\/\/www.uesc-waldmichelbach.de\/uesc\/wp-content\/uploads\/2025\/01\/PHOTO-2024-11-28-18-13-291-300x222.jpg 300w, https:\/\/www.uesc-waldmichelbach.de\/uesc\/wp-content\/uploads\/2025\/01\/PHOTO-2024-11-28-18-13-291-768x569.jpg 768w, https:\/\/www.uesc-waldmichelbach.de\/uesc\/wp-content\/uploads\/2025\/01\/PHOTO-2024-11-28-18-13-291-1536x1139.jpg 1536w, https:\/\/www.uesc-waldmichelbach.de\/uesc\/wp-content\/uploads\/2025\/01\/PHOTO-2024-11-28-18-13-291-600x445.jpg 600w\" sizes=\"(max-width: 2048px) 100vw, 2048px\" \/><\/figure><div class=\"wp-block-media-text__content\">\n<p><\/p>\n\n\n\n<p class=\"has-medium-font-size\"><strong>Trainingszeiten Damen II:<\/strong><\/p>\n\n\n\n<p class=\"has-medium-font-size\">Trainer: Michael Klieber, 0152\/53446370<\/p>\n\n\n\n<p class=\"has-medium-font-size\"><br><strong>Montag<\/strong>, 17:45-19:45 Uhr, Adam-Karrillon-Halle<br><strong>Mittwoch<\/strong>, 17:45-19:45 Uhr, Gro\u00dfraumturnhalle<\/p>\n\n\n\n<p class=\"has-medium-font-size\"><\/p>\n\n\n\n<p class=\"has-medium-font-size\">Die 2. Damenmannschaft spielt aktuell in der S-Kreisklasse Ost.<\/p>\n\n\n\n<p><\/p>\n\n\n\n<p class=\"has-medium-font-size\">Interessierte M\u00e4dels sind jederzeit eingeladen, im Training vorbeizuschauen. <\/p>\n\n\n\n<p class=\"has-medium-font-size\"><\/p>\n\n\n\n<p><\/p>\n<\/div><\/div>\n\n\n\n<p class=\"has-text-align-center\"><\/p>\n\n\n<div class=\"wp-block-image\">\n<figure class=\"aligncenter size-medium is-resized\"><img decoding=\"async\" width=\"300\" height=\"251\" src=\"https:\/\/www.uesc-waldmichelbach.de\/uesc\/wp-content\/uploads\/2022\/10\/2-2-300x251.png\" alt=\"\" class=\"wp-image-1427\" style=\"width:152px;height:127px\" srcset=\"https:\/\/www.uesc-waldmichelbach.de\/uesc\/wp-content\/uploads\/2022\/10\/2-2-300x251.png 300w, https:\/\/www.uesc-waldmichelbach.de\/uesc\/wp-content\/uploads\/2022\/10\/2-2-600x503.png 600w, https:\/\/www.uesc-waldmichelbach.de\/uesc\/wp-content\/uploads\/2022\/10\/2-2-768x644.png 768w, https:\/\/www.uesc-waldmichelbach.de\/uesc\/wp-content\/uploads\/2022\/10\/2-2.png 940w\" sizes=\"(max-width: 300px) 100vw, 300px\" \/><\/figure>\n<\/div>\n\n\n<p><\/p>\n\n\n\n<p><\/p>\n\n\n\n<h3 class=\"wp-block-heading has-black-color has-text-color\" style=\"font-size:38px;line-height:1.4\">     <strong>Damen 2 seit der Saison 2024\/25 wieder aktiv!<\/strong><\/h3>\n\n\n\n<p><\/p>\n\n\n\n<p class=\"has-text-align-left\">Die Damen-2-Mannschaft des \u00dcSC Wald-Michelbach ist motivierter denn je! Als neues Team in dieser Saison blicken wir optimistisch in die Zukunft. Wir sind ein vielseitiges Team mit Angreifern, Annahmespielern und Zuspielern, die ambitioniert und aktiv zwei mal die Woche trainieren, mit Aussicht auf den Sieg vieler Spiele diese Saison.<\/p>\n\n\n\n<p class=\"has-text-align-left\">Nat\u00fcrlich l\u00e4uft nicht immer alles perfekt \u2013 wir mussten bereits einige Niederlagen einstecken. Doch davon lassen wir uns nicht unterkriegen! Mit Ehrgeiz und Kampfgeist arbeiten wir hart daran, uns stetig zu verbessern und auch aus Niederlagen Erfahrungen zu ziehen.<\/p>\n\n\n\n<p class=\"has-text-align-left\">Unser Trainer Michael Klieber sorgt mit abwechslungsreichem und anspruchsvollem Training daf\u00fcr, dass wir unser Potenzial voll aussch\u00f6pfen k\u00f6nnen. Als neu formiertes Team in dieser Saison, kennen wir uns zwar noch nicht so gut, aber genau daran arbeiten wir. Unser Ziel ist es, als Mannschaft zusammenzuwachsen und gemeinsam st\u00e4rker zu werden.<\/p>\n\n\n\n<p class=\"has-text-align-left\">Immer wieder freuen wir uns \u00fcber neue Spielerinnen, die unser Team verst\u00e4rken \u2013 vielleicht auch bald mit dir? Wenn du Teil unseres Teams werden m\u00f6chtest, schau gerne bei uns vorbei!<\/p>\n\n\n\n<p class=\"has-text-align-left\">Gemeinsam streben wir nach Erfolg und geben immer unser Bestes \u2013 sei es auf dem Spielfeld oder im Training. Wir sind bereit, die Herausforderungen der Saison anzunehmen und alles zu geben!<\/p>\n\n\n\n<p class=\"has-text-align-left has-medium-font-size\"><\/p>\n\n\n<div class=\"wp-block-image\">\n<figure class=\"aligncenter size-medium is-resized\"><img decoding=\"async\" width=\"300\" height=\"251\" src=\"https:\/\/www.uesc-waldmichelbach.de\/uesc\/wp-content\/uploads\/2022\/10\/2-2-300x251.png\" alt=\"\" class=\"wp-image-1427\" style=\"width:152px;height:127px\" srcset=\"https:\/\/www.uesc-waldmichelbach.de\/uesc\/wp-content\/uploads\/2022\/10\/2-2-300x251.png 300w, https:\/\/www.uesc-waldmichelbach.de\/uesc\/wp-content\/uploads\/2022\/10\/2-2-600x503.png 600w, https:\/\/www.uesc-waldmichelbach.de\/uesc\/wp-content\/uploads\/2022\/10\/2-2-768x644.png 768w, https:\/\/www.uesc-waldmichelbach.de\/uesc\/wp-content\/uploads\/2022\/10\/2-2.png 940w\" sizes=\"(max-width: 300px) 100vw, 300px\" \/><\/figure>\n<\/div>\n\n\n<p><\/p>\n\n\n\n<p class=\"has-text-align-center has-medium-font-size\"><\/p>\n\n\n\n<p><br><br><\/p>\n","protected":false},"excerpt":{"rendered":"<p>Trainingszeiten Damen II: Trainer: Michael Klieber, 0152\/53446370 Montag, 17:45-19:45 Uhr, Adam-Karrillon-HalleMittwoch, 17:45-19:45 Uhr, Gro\u00dfraumturnhalle Die 2. Damenmannschaft spielt aktuell in der S-Kreisklasse Ost. Interessierte M\u00e4dels sind jederzeit eingeladen, im Training vorbeizuschauen. Damen 2 seit der Saison 2024\/25 wieder aktiv! Die Damen-2-Mannschaft des \u00dcSC Wald-Michelbach ist motivierter denn je! Als neues Team in dieser Saison blicken [&hellip;]<\/p>\n","protected":false},"author":14,"featured_media":0,"parent":0,"menu_order":0,"comment_status":"closed","ping_status":"closed","template":"","meta":{"footnotes":""},"class_list":["post-1100","page","type-page","status-publish","hentry"],"yoast_head":"<!-- This site is optimized with the Yoast SEO plugin v27.4 - https:\/\/yoast.com\/product\/yoast-seo-wordpress\/ -->\n<title>\u00dcSC Damen 2 Volleyball - \u00dcberw\u00e4lder Schulsportclub<\/title>\n<meta name=\"robots\" content=\"index, follow, max-snippet:-1, max-image-preview:large, max-video-preview:-1\" \/>\n<link rel=\"canonical\" href=\"https:\/\/www.uesc-waldmichelbach.de\/uesc\/uesc-damen-2-volleyball\/\" \/>\n<meta property=\"og:locale\" content=\"de_DE\" \/>\n<meta property=\"og:type\" content=\"article\" \/>\n<meta property=\"og:title\" content=\"\u00dcSC Damen 2 Volleyball - \u00dcberw\u00e4lder Schulsportclub\" \/>\n<meta property=\"og:description\" content=\"Trainingszeiten Damen II: Trainer: Michael Klieber, 0152\/53446370 Montag, 17:45-19:45 Uhr, Adam-Karrillon-HalleMittwoch, 17:45-19:45 Uhr, Gro\u00dfraumturnhalle Die 2. Damenmannschaft spielt aktuell in der S-Kreisklasse Ost. Interessierte M\u00e4dels sind jederzeit eingeladen, im Training vorbeizuschauen. Damen 2 seit der Saison 2024\/25 wieder aktiv! Die Damen-2-Mannschaft des \u00dcSC Wald-Michelbach ist motivierter denn je! Als neues Team in dieser Saison blicken [&hellip;]\" \/>\n<meta property=\"og:url\" content=\"https:\/\/www.uesc-waldmichelbach.de\/uesc\/uesc-damen-2-volleyball\/\" \/>\n<meta property=\"og:site_name\" content=\"\u00dcberw\u00e4lder Schulsportclub\" \/>\n<meta property=\"article:publisher\" content=\"https:\/\/www.facebook.com\/UESC.WaldMichelbach\" \/>\n<meta property=\"article:modified_time\" content=\"2025-06-08T15:34:56+00:00\" \/>\n<meta property=\"og:image\" content=\"https:\/\/www.uesc-waldmichelbach.de\/uesc\/wp-content\/uploads\/2022\/10\/2-2.png\" \/>\n\t<meta property=\"og:image:width\" content=\"940\" \/>\n\t<meta property=\"og:image:height\" content=\"788\" \/>\n\t<meta property=\"og:image:type\" content=\"image\/png\" \/>\n<meta name=\"twitter:card\" content=\"summary_large_image\" \/>\n<meta name=\"twitter:label1\" content=\"Gesch\u00e4tzte Lesezeit\" \/>\n\t<meta name=\"twitter:data1\" content=\"3\u00a0Minuten\" \/>\n<script type=\"application\/ld+json\" class=\"yoast-schema-graph\">{\"@context\":\"https:\\\/\\\/schema.org\",\"@graph\":[{\"@type\":\"WebPage\",\"@id\":\"https:\\\/\\\/www.uesc-waldmichelbach.de\\\/uesc\\\/uesc-damen-2-volleyball\\\/\",\"url\":\"https:\\\/\\\/www.uesc-waldmichelbach.de\\\/uesc\\\/uesc-damen-2-volleyball\\\/\",\"name\":\"\u00dcSC Damen 2 Volleyball - \u00dcberw\u00e4lder Schulsportclub\",\"isPartOf\":{\"@id\":\"https:\\\/\\\/www.uesc-waldmichelbach.de\\\/uesc\\\/#website\"},\"primaryImageOfPage\":{\"@id\":\"https:\\\/\\\/www.uesc-waldmichelbach.de\\\/uesc\\\/uesc-damen-2-volleyball\\\/#primaryimage\"},\"image\":{\"@id\":\"https:\\\/\\\/www.uesc-waldmichelbach.de\\\/uesc\\\/uesc-damen-2-volleyball\\\/#primaryimage\"},\"thumbnailUrl\":\"https:\\\/\\\/www.uesc-waldmichelbach.de\\\/uesc\\\/wp-content\\\/uploads\\\/2022\\\/10\\\/2-2-300x251.png\",\"datePublished\":\"2021-06-17T13:38:42+00:00\",\"dateModified\":\"2025-06-08T15:34:56+00:00\",\"breadcrumb\":{\"@id\":\"https:\\\/\\\/www.uesc-waldmichelbach.de\\\/uesc\\\/uesc-damen-2-volleyball\\\/#breadcrumb\"},\"inLanguage\":\"de\",\"potentialAction\":[{\"@type\":\"ReadAction\",\"target\":[\"https:\\\/\\\/www.uesc-waldmichelbach.de\\\/uesc\\\/uesc-damen-2-volleyball\\\/\"]}]},{\"@type\":\"ImageObject\",\"inLanguage\":\"de\",\"@id\":\"https:\\\/\\\/www.uesc-waldmichelbach.de\\\/uesc\\\/uesc-damen-2-volleyball\\\/#primaryimage\",\"url\":\"https:\\\/\\\/www.uesc-waldmichelbach.de\\\/uesc\\\/wp-content\\\/uploads\\\/2022\\\/10\\\/2-2.png\",\"contentUrl\":\"https:\\\/\\\/www.uesc-waldmichelbach.de\\\/uesc\\\/wp-content\\\/uploads\\\/2022\\\/10\\\/2-2.png\",\"width\":940,\"height\":788},{\"@type\":\"BreadcrumbList\",\"@id\":\"https:\\\/\\\/www.uesc-waldmichelbach.de\\\/uesc\\\/uesc-damen-2-volleyball\\\/#breadcrumb\",\"itemListElement\":[{\"@type\":\"ListItem\",\"position\":1,\"name\":\"Startseite\",\"item\":\"https:\\\/\\\/www.uesc-waldmichelbach.de\\\/uesc\\\/\"},{\"@type\":\"ListItem\",\"position\":2,\"name\":\"\u00dcSC Damen 2 Volleyball\"}]},{\"@type\":\"WebSite\",\"@id\":\"https:\\\/\\\/www.uesc-waldmichelbach.de\\\/uesc\\\/#website\",\"url\":\"https:\\\/\\\/www.uesc-waldmichelbach.de\\\/uesc\\\/\",\"name\":\"\u00dcberw\u00e4lder Schulsportclub\",\"description\":\"\u00dcberw\u00e4lder Sportverein\",\"publisher\":{\"@id\":\"https:\\\/\\\/www.uesc-waldmichelbach.de\\\/uesc\\\/#organization\"},\"potentialAction\":[{\"@type\":\"SearchAction\",\"target\":{\"@type\":\"EntryPoint\",\"urlTemplate\":\"https:\\\/\\\/www.uesc-waldmichelbach.de\\\/uesc\\\/?s={search_term_string}\"},\"query-input\":{\"@type\":\"PropertyValueSpecification\",\"valueRequired\":true,\"valueName\":\"search_term_string\"}}],\"inLanguage\":\"de\"},{\"@type\":\"Organization\",\"@id\":\"https:\\\/\\\/www.uesc-waldmichelbach.de\\\/uesc\\\/#organization\",\"name\":\"\u00dcberw\u00e4lder Schulsportclub\",\"url\":\"https:\\\/\\\/www.uesc-waldmichelbach.de\\\/uesc\\\/\",\"logo\":{\"@type\":\"ImageObject\",\"inLanguage\":\"de\",\"@id\":\"https:\\\/\\\/www.uesc-waldmichelbach.de\\\/uesc\\\/#\\\/schema\\\/logo\\\/image\\\/\",\"url\":\"https:\\\/\\\/www.uesc-waldmichelbach.de\\\/uesc\\\/wp-content\\\/uploads\\\/2022\\\/10\\\/cropped-UeSC-Logo-Varianten.png\",\"contentUrl\":\"https:\\\/\\\/www.uesc-waldmichelbach.de\\\/uesc\\\/wp-content\\\/uploads\\\/2022\\\/10\\\/cropped-UeSC-Logo-Varianten.png\",\"width\":240,\"height\":258,\"caption\":\"\u00dcberw\u00e4lder Schulsportclub\"},\"image\":{\"@id\":\"https:\\\/\\\/www.uesc-waldmichelbach.de\\\/uesc\\\/#\\\/schema\\\/logo\\\/image\\\/\"},\"sameAs\":[\"https:\\\/\\\/www.facebook.com\\\/UESC.WaldMichelbach\",\"https:\\\/\\\/www.instagram.com\\\/uesc.wamiba\\\/\"]}]}<\/script>\n<!-- \/ Yoast SEO plugin. -->","yoast_head_json":{"title":"\u00dcSC Damen 2 Volleyball - \u00dcberw\u00e4lder Schulsportclub","robots":{"index":"index","follow":"follow","max-snippet":"max-snippet:-1","max-image-preview":"max-image-preview:large","max-video-preview":"max-video-preview:-1"},"canonical":"https:\/\/www.uesc-waldmichelbach.de\/uesc\/uesc-damen-2-volleyball\/","og_locale":"de_DE","og_type":"article","og_title":"\u00dcSC Damen 2 Volleyball - \u00dcberw\u00e4lder Schulsportclub","og_description":"Trainingszeiten Damen II: Trainer: Michael Klieber, 0152\/53446370 Montag, 17:45-19:45 Uhr, Adam-Karrillon-HalleMittwoch, 17:45-19:45 Uhr, Gro\u00dfraumturnhalle Die 2. Damenmannschaft spielt aktuell in der S-Kreisklasse Ost. Interessierte M\u00e4dels sind jederzeit eingeladen, im Training vorbeizuschauen. Damen 2 seit der Saison 2024\/25 wieder aktiv! Die Damen-2-Mannschaft des \u00dcSC Wald-Michelbach ist motivierter denn je! Als neues Team in dieser Saison blicken [&hellip;]","og_url":"https:\/\/www.uesc-waldmichelbach.de\/uesc\/uesc-damen-2-volleyball\/","og_site_name":"\u00dcberw\u00e4lder Schulsportclub","article_publisher":"https:\/\/www.facebook.com\/UESC.WaldMichelbach","article_modified_time":"2025-06-08T15:34:56+00:00","og_image":[{"width":940,"height":788,"url":"https:\/\/www.uesc-waldmichelbach.de\/uesc\/wp-content\/uploads\/2022\/10\/2-2.png","type":"image\/png"}],"twitter_card":"summary_large_image","twitter_misc":{"Gesch\u00e4tzte Lesezeit":"3\u00a0Minuten"},"schema":{"@context":"https:\/\/schema.org","@graph":[{"@type":"WebPage","@id":"https:\/\/www.uesc-waldmichelbach.de\/uesc\/uesc-damen-2-volleyball\/","url":"https:\/\/www.uesc-waldmichelbach.de\/uesc\/uesc-damen-2-volleyball\/","name":"\u00dcSC Damen 2 Volleyball - \u00dcberw\u00e4lder Schulsportclub","isPartOf":{"@id":"https:\/\/www.uesc-waldmichelbach.de\/uesc\/#website"},"primaryImageOfPage":{"@id":"https:\/\/www.uesc-waldmichelbach.de\/uesc\/uesc-damen-2-volleyball\/#primaryimage"},"image":{"@id":"https:\/\/www.uesc-waldmichelbach.de\/uesc\/uesc-damen-2-volleyball\/#primaryimage"},"thumbnailUrl":"https:\/\/www.uesc-waldmichelbach.de\/uesc\/wp-content\/uploads\/2022\/10\/2-2-300x251.png","datePublished":"2021-06-17T13:38:42+00:00","dateModified":"2025-06-08T15:34:56+00:00","breadcrumb":{"@id":"https:\/\/www.uesc-waldmichelbach.de\/uesc\/uesc-damen-2-volleyball\/#breadcrumb"},"inLanguage":"de","potentialAction":[{"@type":"ReadAction","target":["https:\/\/www.uesc-waldmichelbach.de\/uesc\/uesc-damen-2-volleyball\/"]}]},{"@type":"ImageObject","inLanguage":"de","@id":"https:\/\/www.uesc-waldmichelbach.de\/uesc\/uesc-damen-2-volleyball\/#primaryimage","url":"https:\/\/www.uesc-waldmichelbach.de\/uesc\/wp-content\/uploads\/2022\/10\/2-2.png","contentUrl":"https:\/\/www.uesc-waldmichelbach.de\/uesc\/wp-content\/uploads\/2022\/10\/2-2.png","width":940,"height":788},{"@type":"BreadcrumbList","@id":"https:\/\/www.uesc-waldmichelbach.de\/uesc\/uesc-damen-2-volleyball\/#breadcrumb","itemListElement":[{"@type":"ListItem","position":1,"name":"Startseite","item":"https:\/\/www.uesc-waldmichelbach.de\/uesc\/"},{"@type":"ListItem","position":2,"name":"\u00dcSC Damen 2 Volleyball"}]},{"@type":"WebSite","@id":"https:\/\/www.uesc-waldmichelbach.de\/uesc\/#website","url":"https:\/\/www.uesc-waldmichelbach.de\/uesc\/","name":"\u00dcberw\u00e4lder Schulsportclub","description":"\u00dcberw\u00e4lder Sportverein","publisher":{"@id":"https:\/\/www.uesc-waldmichelbach.de\/uesc\/#organization"},"potentialAction":[{"@type":"SearchAction","target":{"@type":"EntryPoint","urlTemplate":"https:\/\/www.uesc-waldmichelbach.de\/uesc\/?s={search_term_string}"},"query-input":{"@type":"PropertyValueSpecification","valueRequired":true,"valueName":"search_term_string"}}],"inLanguage":"de"},{"@type":"Organization","@id":"https:\/\/www.uesc-waldmichelbach.de\/uesc\/#organization","name":"\u00dcberw\u00e4lder Schulsportclub","url":"https:\/\/www.uesc-waldmichelbach.de\/uesc\/","logo":{"@type":"ImageObject","inLanguage":"de","@id":"https:\/\/www.uesc-waldmichelbach.de\/uesc\/#\/schema\/logo\/image\/","url":"https:\/\/www.uesc-waldmichelbach.de\/uesc\/wp-content\/uploads\/2022\/10\/cropped-UeSC-Logo-Varianten.png","contentUrl":"https:\/\/www.uesc-waldmichelbach.de\/uesc\/wp-content\/uploads\/2022\/10\/cropped-UeSC-Logo-Varianten.png","width":240,"height":258,"caption":"\u00dcberw\u00e4lder Schulsportclub"},"image":{"@id":"https:\/\/www.uesc-waldmichelbach.de\/uesc\/#\/schema\/logo\/image\/"},"sameAs":["https:\/\/www.facebook.com\/UESC.WaldMichelbach","https:\/\/www.instagram.com\/uesc.wamiba\/"]}]}},"_links":{"self":[{"href":"https:\/\/www.uesc-waldmichelbach.de\/uesc\/wp-json\/wp\/v2\/pages\/1100","targetHints":{"allow":["GET"]}}],"collection":[{"href":"https:\/\/www.uesc-waldmichelbach.de\/uesc\/wp-json\/wp\/v2\/pages"}],"about":[{"href":"https:\/\/www.uesc-waldmichelbach.de\/uesc\/wp-json\/wp\/v2\/types\/page"}],"author":[{"embeddable":true,"href":"https:\/\/www.uesc-waldmichelbach.de\/uesc\/wp-json\/wp\/v2\/users\/14"}],"replies":[{"embeddable":true,"href":"https:\/\/www.uesc-waldmichelbach.de\/uesc\/wp-json\/wp\/v2\/comments?post=1100"}],"version-history":[{"count":48,"href":"https:\/\/www.uesc-waldmichelbach.de\/uesc\/wp-json\/wp\/v2\/pages\/1100\/revisions"}],"predecessor-version":[{"id":2510,"href":"https:\/\/www.uesc-waldmichelbach.de\/uesc\/wp-json\/wp\/v2\/pages\/1100\/revisions\/2510"}],"wp:attachment":[{"href":"https:\/\/www.uesc-waldmichelbach.de\/uesc\/wp-json\/wp\/v2\/media?parent=1100"}],"curies":[{"name":"wp","href":"https:\/\/api.w.org\/{rel}","templated":true}]}}